{"id":2648,"date":"2024-06-10T14:35:49","date_gmt":"2024-06-10T12:35:49","guid":{"rendered":"https:\/\/sntcours.net\/?page_id=2648"},"modified":"2024-06-10T14:39:27","modified_gmt":"2024-06-10T12:39:27","slug":"elementor-2648","status":"publish","type":"page","link":"https:\/\/sntcours.net\/?page_id=2648&lang=es","title":{"rendered":"Elementor #2648"},"content":{"rendered":"\t\t<div data-elementor-type=\"wp-page\" data-elementor-id=\"2648\" class=\"elementor elementor-2648\">\n\t\t\t\t<div class=\"elementor-element elementor-element-8a1282d e-flex e-con-boxed e-con e-parent\" data-id=\"8a1282d\" data-element_type=\"container\">\n\t\t\t\t\t<div class=\"e-con-inner\">\n\t\t<div class=\"elementor-element elementor-element-677ea1a e-con-full e-flex e-con e-child\" data-id=\"677ea1a\" data-element_type=\"container\">\n\t\t\t\t<div class=\"elementor-element elementor-element-5ef2a9d elementor-widget elementor-widget-button\" data-id=\"5ef2a9d\" data-element_type=\"widget\" data-widget_type=\"button.default\">\n\t\t\t\t<div class=\"elementor-widget-container\">\n\t\t\t\t\t\t\t\t\t<div class=\"elementor-button-wrapper\">\n\t\t\t\t\t<a class=\"elementor-button elementor-button-link elementor-size-sm\" href=\"#\">\n\t\t\t\t\t\t<span class=\"elementor-button-content-wrapper\">\n\t\t\t\t\t\t\t\t\t<span class=\"elementor-button-text\">Langue Fran\u00e7ais<\/span>\n\t\t\t\t\t<\/span>\n\t\t\t\t\t<\/a>\n\t\t\t\t<\/div>\n\t\t\t\t\t\t\t\t<\/div>\n\t\t\t\t<\/div>\n\t\t\t\t<\/div>\n\t\t<div class=\"elementor-element elementor-element-374cebf e-con-full e-flex e-con e-child\" data-id=\"374cebf\" data-element_type=\"container\">\n\t\t\t\t<div class=\"elementor-element elementor-element-7359771 elementor-widget__width-initial elementor-widget elementor-widget-button\" data-id=\"7359771\" data-element_type=\"widget\" data-widget_type=\"button.default\">\n\t\t\t\t<div class=\"elementor-widget-container\">\n\t\t\t\t\t\t\t\t\t<div class=\"elementor-button-wrapper\">\n\t\t\t\t\t<a class=\"elementor-button elementor-button-link elementor-size-sm\" href=\"#\">\n\t\t\t\t\t\t<span class=\"elementor-button-content-wrapper\">\n\t\t\t\t\t\t\t\t\t<span class=\"elementor-button-text\">Storias de los lavoratores<\/span>\n\t\t\t\t\t<\/span>\n\t\t\t\t\t<\/a>\n\t\t\t\t<\/div>\n\t\t\t\t\t\t\t\t<\/div>\n\t\t\t\t<\/div>\n\t\t\t\t<\/div>\n\t\t\t\t\t<\/div>\n\t\t\t\t<\/div>\n\t\t<div class=\"elementor-element elementor-element-51d7159 e-flex e-con-boxed e-con e-parent\" data-id=\"51d7159\" data-element_type=\"container\">\n\t\t\t\t\t<div class=\"e-con-inner\">\n\t\t<div class=\"elementor-element elementor-element-3eb5feb e-con-full e-flex e-con e-child\" data-id=\"3eb5feb\" data-element_type=\"container\">\n\t\t\t\t<div class=\"elementor-element elementor-element-6febf27 elementor-widget__width-initial elementor-widget elementor-widget-text-editor\" data-id=\"6febf27\" data-element_type=\"widget\" data-widget_type=\"text-editor.default\">\n\t\t\t\t<div class=\"elementor-widget-container\">\n\t\t\t\t\t\t\t\t\t<p><span style=\"background-color: var(--global--color-background); color: var(--global--color-primary); font-family: var(--global--font-secondary); font-size: var(--global--font-size-base);\">qdfsljkqsdfljqsmdflkjmsqljkfdklmsqjdkfqsmmmmmmmmmmmmmmmmmmmmmmmqmmmmmmmmmmmmmmmmmmmmmmmmmmmmmmmmmmmmmmmmmmmmmmmmmmmmmmmmmmmmmmhherrrrrrrrrrrrrrrrrrrrrrrrrrrrrrrrrrrrrrrrrrrrrrrrrzzzzeoirhozherrzeorhozehiroizjeorjoizjerrrrrrrrrrrrrrrrrrrrrrrrrrrrrrrrrrrrrrrrrrrrrrrjzzzzzzzzzzzzzzzzzzzzzzzzzzzzzzzzzzzzzzzzzzzzzzzzzzzzzzzzzzzzzzzzzzzzzzzzzzzzzzzzzzzzzzzaazeazzzzzzzzzzzzzzzzzzzzzzzzzzzzzzzzzzzzzzzzzzzzzzzzzzzzzzzzzzzzzzzzi joohqfsfdqhsqqqqqqqqqqqohAIPHFDPhfpHFDIOFHifdoihudfqiohusdfioqhufdihd df qodfhqsiodfhosqdhfq sodfqsdfoqhdi fqsoidhfusq odfiuqsidhfu qsodfihuqs dfuihqsd fiusqhd f\u00a0<\/span><\/p><p>o.<\/p>\t\t\t\t\t\t\t\t<\/div>\n\t\t\t\t<\/div>\n\t\t\t\t<\/div>\n\t\t<div class=\"elementor-element elementor-element-f87755a e-con-full e-flex e-con e-child\" data-id=\"f87755a\" data-element_type=\"container\">\n\t\t\t\t<div class=\"elementor-element elementor-element-4dce7a7 elementor-widget elementor-widget-image\" data-id=\"4dce7a7\" data-element_type=\"widget\" data-widget_type=\"image.default\">\n\t\t\t\t<div class=\"elementor-widget-container\">\n\t\t\t\t\t\t\t\t\t\t\t\t\t\t\t\t<a href=\"http:\/\/sntcours.net\/wp-content\/uploads\/2024\/05\/lavoir.mp4\">\n\t\t\t\t\t\t\t<img fetchpriority=\"high\" decoding=\"async\" width=\"750\" height=\"500\" src=\"https:\/\/sntcours.net\/wp-content\/uploads\/2024\/05\/Lavoir.jpg\" class=\"attachment-large size-large wp-image-2587\" alt=\"\" style=\"width:100%;height:66.67%;max-width:777px\" \/>\t\t\t\t\t\t\t\t<\/a>\n\t\t\t\t\t\t\t\t\t\t\t\t\t\t\t<\/div>\n\t\t\t\t<\/div>\n\t\t\t\t<\/div>\n\t\t\t\t\t<\/div>\n\t\t\t\t<\/div>\n\t\t<div class=\"elementor-element elementor-element-95b30ce e-flex e-con-boxed e-con e-parent\" data-id=\"95b30ce\" data-element_type=\"container\">\n\t\t\t\t\t<div class=\"e-con-inner\">\n\t\t<div class=\"elementor-element elementor-element-83a8bd9 e-con-full e-flex e-con e-child\" data-id=\"83a8bd9\" data-element_type=\"container\">\n\t\t\t\t<div class=\"elementor-element elementor-element-012e9ce elementor-widget elementor-widget-button\" data-id=\"012e9ce\" data-element_type=\"widget\" data-widget_type=\"button.default\">\n\t\t\t\t<div class=\"elementor-widget-container\">\n\t\t\t\t\t\t\t\t\t<div class=\"elementor-button-wrapper\">\n\t\t\t\t\t<a class=\"elementor-button elementor-button-link elementor-size-sm\" href=\"https:\/\/www.guingamp-paimpol.com\/je-prepare-mon-sejour\/le-plein-d-activites\/les-loisirs\/promenades-decouverte-des-lavoirs-en-barques-1334470\">\n\t\t\t\t\t\t<span class=\"elementor-button-content-wrapper\">\n\t\t\t\t\t\t\t\t\t<span class=\"elementor-button-text\">Promenade en barque: d\u00e9couverte des lavoirs<\/span>\n\t\t\t\t\t<\/span>\n\t\t\t\t\t<\/a>\n\t\t\t\t<\/div>\n\t\t\t\t\t\t\t\t<\/div>\n\t\t\t\t<\/div>\n\t\t\t\t<\/div>\n\t\t<div class=\"elementor-element elementor-element-5f2fae9 e-con-full e-flex e-con e-child\" data-id=\"5f2fae9\" data-element_type=\"container\">\n\t\t\t\t<div class=\"elementor-element elementor-element-21f4e4e elementor-widget elementor-widget-button\" data-id=\"21f4e4e\" data-element_type=\"widget\" data-widget_type=\"button.default\">\n\t\t\t\t<div class=\"elementor-widget-container\">\n\t\t\t\t\t\t\t\t\t<div class=\"elementor-button-wrapper\">\n\t\t\t\t\t<a class=\"elementor-button elementor-button-link elementor-size-sm\" href=\"https:\/\/fetedeslavoirs.bzh\/\">\n\t\t\t\t\t\t<span class=\"elementor-button-content-wrapper\">\n\t\t\t\t\t\t\t\t\t<span class=\"elementor-button-text\">La f\u00eate des lavoirs \u00e0 Pontrieux<\/span>\n\t\t\t\t\t<\/span>\n\t\t\t\t\t<\/a>\n\t\t\t\t<\/div>\n\t\t\t\t\t\t\t\t<\/div>\n\t\t\t\t<\/div>\n\t\t\t\t<\/div>\n\t\t<div class=\"elementor-element elementor-element-cb4df42 e-con-full e-flex e-con e-child\" data-id=\"cb4df42\" data-element_type=\"container\">\n\t\t\t\t<div class=\"elementor-element elementor-element-56742cc elementor-widget elementor-widget-button\" data-id=\"56742cc\" data-element_type=\"widget\" data-widget_type=\"button.default\">\n\t\t\t\t<div class=\"elementor-widget-container\">\n\t\t\t\t\t\t\t\t\t<div class=\"elementor-button-wrapper\">\n\t\t\t\t\t<a class=\"elementor-button elementor-button-link elementor-size-sm\" href=\"https:\/\/www.pontrieux.bzh\/decouvrir-la-ville\/\">\n\t\t\t\t\t\t<span class=\"elementor-button-content-wrapper\">\n\t\t\t\t\t\t\t\t\t<span class=\"elementor-button-text\">Que voir \u00e0 Pontrieux<\/span>\n\t\t\t\t\t<\/span>\n\t\t\t\t\t<\/a>\n\t\t\t\t<\/div>\n\t\t\t\t\t\t\t\t<\/div>\n\t\t\t\t<\/div>\n\t\t\t\t<\/div>\n\t\t<div class=\"elementor-element elementor-element-91d89c0 e-con-full e-flex e-con e-child\" data-id=\"91d89c0\" data-element_type=\"container\">\n\t\t\t\t<div class=\"elementor-element elementor-element-af3d654 elementor-widget elementor-widget-button\" data-id=\"af3d654\" data-element_type=\"widget\" data-widget_type=\"button.default\">\n\t\t\t\t<div class=\"elementor-widget-container\">\n\t\t\t\t\t\t\t\t\t<div class=\"elementor-button-wrapper\">\n\t\t\t\t\t<a class=\"elementor-button elementor-button-link elementor-size-sm\" href=\"https:\/\/www.pontrieux.bzh\/vivre-a-pontrieux\/\">\n\t\t\t\t\t\t<span class=\"elementor-button-content-wrapper\">\n\t\t\t\t\t\t\t\t\t<span class=\"elementor-button-text\">Activit\u00e9s, Culture, commerces ...<\/span>\n\t\t\t\t\t<\/span>\n\t\t\t\t\t<\/a>\n\t\t\t\t<\/div>\n\t\t\t\t\t\t\t\t<\/div>\n\t\t\t\t<\/div>\n\t\t\t\t<\/div>\n\t\t\t\t\t<\/div>\n\t\t\t\t<\/div>\n\t\t\t\t<\/div>\n\t\t","protected":false},"excerpt":{"rendered":"<p>Langue Fran\u00e7ais Storias de los lavoratores qdfsljkqsdfljqsmdflkjmsqljkfdklmsqjdkfqsmmmmmmmmmmmmmmmmmmmmmmmqmmmmmmmmmmmmmmmmmmmmmmmmmmmmmmmmmmmmmmmmmmmmmmmmmmmmmmmmmmmmmmhherrrrrrrrrrrrrrrrrrrrrrrrrrrrrrrrrrrrrrrrrrrrrrrrrzzzzeoirhozherrzeorhozehiroizjeorjoizjerrrrrrrrrrrrrrrrrrrrrrrrrrrrrrrrrrrrrrrrrrrrrrrjzzzzzzzzzzzzzzzzzzzzzzzzzzzzzzzzzzzzzzzzzzzzzzzzzzzzzzzzzzzzzzzzzzzzzzzzzzzzzzzzzzzzzzzaazeazzzzzzzzzzzzzzzzzzzzzzzzzzzzzzzzzzzzzzzzzzzzzzzzzzzzzzzzzzzzzzzzi joohqfsfdqhsqqqqqqqqqqqohAIPHFDPhfpHFDIOFHifdoihudfqiohusdfioqhufdihd df qodfhqsiodfhosqdhfq sodfqsdfoqhdi fqsoidhfusq odfiuqsidhfu qsodfihuqs dfuihqsd fiusqhd f\u00a0 o. Promenade en barque: d\u00e9couverte des lavoirs La f\u00eate des lavoirs \u00e0 Pontrieux Que voir \u00e0 Pontrieux Activit\u00e9s, Culture, commerces &#8230;<\/p>\n","protected":false},"author":1,"featured_media":0,"parent":0,"menu_order":0,"comment_status":"closed","ping_status":"closed","template":"","meta":{"footnotes":""},"_links":{"self":[{"href":"https:\/\/sntcours.net\/index.php?rest_route=\/wp\/v2\/pages\/2648"}],"collection":[{"href":"https:\/\/sntcours.net\/index.php?rest_route=\/wp\/v2\/pages"}],"about":[{"href":"https:\/\/sntcours.net\/index.php?rest_route=\/wp\/v2\/types\/page"}],"author":[{"embeddable":true,"href":"https:\/\/sntcours.net\/index.php?rest_route=\/wp\/v2\/users\/1"}],"replies":[{"embeddable":true,"href":"https:\/\/sntcours.net\/index.php?rest_route=%2Fwp%2Fv2%2Fcomments&post=2648"}],"version-history":[{"count":4,"href":"https:\/\/sntcours.net\/index.php?rest_route=\/wp\/v2\/pages\/2648\/revisions"}],"predecessor-version":[{"id":2652,"href":"https:\/\/sntcours.net\/index.php?rest_route=\/wp\/v2\/pages\/2648\/revisions\/2652"}],"wp:attachment":[{"href":"https:\/\/sntcours.net\/index.php?rest_route=%2Fwp%2Fv2%2Fmedia&parent=2648"}],"curies":[{"name":"wp","href":"https:\/\/api.w.org\/{rel}","templated":true}]}}